{"id":38,"date":"2022-01-17T16:20:53","date_gmt":"2022-01-17T16:20:53","guid":{"rendered":"https:\/\/www.thyroidaware.com\/pl\/?page_id=38"},"modified":"2023-12-14T19:22:09","modified_gmt":"2023-12-14T18:22:09","slug":"home","status":"publish","type":"page","link":"https:\/\/www.thyroidaware.com\/pl\/","title":{"rendered":"Home"},"content":{"rendered":"<section class=\"container-fluid banner\">\n      <section class=\"row\">\n       <section class=\"col-lg-6 left\">\n       <div style=\"fill:#2bf3f7ff;\">\n         <svg viewBox=\"0 0 200 200\" xmlns=\"http:\/\/www.w3.org\/2000\/svg\">\n           <path d=\"M44.9,-78.5C57.9,-70.2,68.1,-57.7,75.5,-43.9C82.8,-30.1,87.3,-15.1,88.4,0.6C89.5,16.3,87.2,32.7,80.2,47C73.2,61.4,61.5,73.9,47.4,81.3C33.2,88.8,16.6,91.2,0.8,89.8C-15,88.4,-30,83.2,-44.2,75.8C-58.4,68.4,-71.7,58.7,-79.2,45.7C-86.8,32.7,-88.6,16.4,-88.4,0.1C-88.2,-16.1,-86,-32.2,-79.2,-46.6C-72.5,-61,-61.2,-73.7,-47.2,-81.5C-33.3,-89.2,-16.6,-92,-0.4,-91.4C15.9,-90.8,31.8,-86.8,44.9,-78.5Z\" transform=\"translate(100 100)\"><\/path>\n         <\/svg>\n       <\/div>\n       <img decoding=\"async\" class=\"img-fluid d-block mx-auto img_general\" src=\"https:\/\/www.thyroidaware.com\/pl\/wp-content\/uploads\/sites\/38\/2022\/01\/symptom-checker-illustration-1.png\" alt=\"complete-our-short-symptom-checker-now-thyroid-image-front\">\n       <\/section>\n       <section class=\"col-lg-6 rigth\">\n         <p>PODEJRZEWASZ U SIEBIE CHOROB\u0118 <span style=\"color: #5704e8;\">TARCZYCY?<\/span><\/p>\n\n         <p>Wype\u0142nij kr\u00f3tki test, kt\u00f3ry sprawdzi, czy to mog\u0105 by\u0107 objawy choroby<\/p>\n         <a href=\"https:\/\/www.thyroidaware.com\/pl\/symptom-checker\/\">\n           <button id=\"home-event-quiz\" class=\"btn position-relative d-flex justify-content-center align-items-center\" type=\"submit\">\n             Sprawd\u017a teraz\n           <\/button>\n         <\/a>\n       <\/section>\n     <\/section>\n    <\/section>\n\n\n\t\t\t<section class=\"container-fluid subbanner\" style=\"background-color:#FE369C;\">\n\t\t\t\t<section class=\"row\">\n\t\t\t\t\t<section class=\"col-12 offset-lg-2 col-lg-4 d-flex justify-content-center align-items-start flex-column\">\n\t\t\t\t\t\t<p class=\"text1\">Gruczo\u0142 <span style=\"color:#5700E6\">tarczowy<\/span> jest narz\u0105dem kszta\u0142tem przypominaj\u0105cym motyla, znajduj\u0105cym si\u0119 u podstawy szyi<\/p>\n\t\t\t\t\t\t<p class=\"text2\">Jest to <span style=\"color:#5700E6\">g\u0142\u00f3wny kontroler<\/span> naszego metabolizmu.<\/p>\n\t\t\t\t\t\t<a class=\"btn position-relative btn1\" style=\"background-color:#5700E6 ;color: #FFFFFF  ;\" href=\"the-thyroid\/\">\n              Dowiedz si\u0119 wi\u0119cej\t\t\t\t\t\t\t<svg xmlns=\"http:\/\/www.w3.org\/2000\/svg\" viewBox=\"0 0 24 24\">\n\t\t\t\t\t\t\t  <g id=\"arrow\" transform=\"translate(-1150 -592)\">\n\t\t\t\t\t\t\t    <circle id=\"Ellipse_1\" data-name=\"Ellipse 1\" cx=\"12\" cy=\"12\" r=\"12\" transform=\"translate(1150 592)\" fill=\"#FFFFFF\"\/>\n\t\t\t\t\t\t\t    <g id=\"arrow-right\" transform=\"translate(11.5 -41.5)\">\n\t\t\t\t\t\t\t      <path id=\"Path_17\" data-name=\"Path 17\" d=\"M6.5.5l4,4-4,4\" transform=\"translate(1145 641)\" fill=\"none\" stroke=\"#5700E6\" stroke-linecap=\"round\" stroke-linejoin=\"round\" stroke-width=\"1\"\/>\n\t\t\t\t\t\t\t      <line id=\"Line_1\" data-name=\"Line 1\" x2=\"10\" transform=\"translate(1145.5 645.5)\" fill=\"none\" stroke=\"#5700E6\" stroke-linecap=\"round\" stroke-width=\"1\"\/>\n\t\t\t\t\t\t\t    <\/g>\n\t\t\t\t\t\t\t  <\/g>\n\t\t\t\t\t\t\t<\/svg>\n\t\t\t\t\t\t<\/a>\n\t\t\t\t\t\t<a class=\"btn position-relative btn2\" style=\"background-color:#FFFFFF ;color: #5700E6  ;\" href=\"the-thyroid\/\">\n\t\t\t\t\t\t\tDowiedz si\u0119 wi\u0119cej\t\t\t\t\t\t\t<svg xmlns=\"http:\/\/www.w3.org\/2000\/svg\" viewBox=\"0 0 24 24\">\n\t\t\t\t\t\t\t\t<g id=\"arrow\" transform=\"translate(-1150 -592)\">\n\t\t\t\t\t\t\t\t\t<circle id=\"Ellipse_1\" data-name=\"Ellipse 1\" cx=\"12\" cy=\"12\" r=\"12\" transform=\"translate(1150 592)\" fill=\"#5700E6\"\/>\n\t\t\t\t\t\t\t\t\t<g id=\"arrow-right\" transform=\"translate(11.5 -41.5)\">\n\t\t\t\t\t\t\t\t\t\t<path id=\"Path_17\" data-name=\"Path 17\" d=\"M6.5.5l4,4-4,4\" transform=\"translate(1145 641)\" fill=\"none\" stroke=\"#FFFFFF\" stroke-linecap=\"round\" stroke-linejoin=\"round\" stroke-width=\"1\"\/>\n\t\t\t\t\t\t\t\t\t\t<line id=\"Line_1\" data-name=\"Line 1\" x2=\"10\" transform=\"translate(1145.5 645.5)\" fill=\"none\" stroke=\"#FFFFFF\" stroke-linecap=\"round\" stroke-width=\"1\"\/>\n\t\t\t\t\t\t\t\t\t<\/g>\n\t\t\t\t\t\t\t\t<\/g>\n\t\t\t\t\t\t\t<\/svg>\n\t\t\t\t\t\t<\/a>\n\t\t\t\t\t<\/section>\n\t\t\t\t\t<section class=\"col-12 col-lg-6 d-flex justify-content-start align-items-center\">\n\t\t\t\t\t\t<img loading=\"lazy\" decoding=\"async\" class=\"img-fluid d-block rigth-image\" src=\"https:\/\/www.thyroidaware.com\/pl\/wp-content\/uploads\/sites\/38\/2022\/01\/the-thyroid-illustration.png\" alt=\"banner pleca home thyroid\" width=\"621\" height=\"420\">\n\t\t\t\t\t<\/section>\n\t\t\t\t<\/section>\n\t\t\t<\/section>\n\n\n        <section class=\"container-fluid sentence\">\n          <section class=\"row\">\n            <section class=\"col-12 d-flex justify-content-center align-items-center flex-column\">\n              <section class=\"d-flex justify-content-center align-items-center flex-column white-box\">\n                <span><\/span>\n                <p class=\"text1\">\u201cJako prezydent Mi\u0119dzynarodowej Federacji Tarczycowej zach\u0119cam wszystkich do dok\u0142adnego sprawdzania, czy nie wyst\u0119puje u nich lub u ich znajomych choroba tarczycy. Je\u015bli tak jest, nale\u017cy uda\u0107 si\u0119 do lekarza i poprosi\u0107 o wykonanie prostego badania krwi. W r\u0119kach specjalisty, choroby tarczycy mog\u0105 by\u0107 dobrze kontrolowane.\u201d<\/p>\n                <p class=\"text2\">\u2014 Ashok Bhaseen, prezydent Mi\u0119dzynarodowej Federacji Tarczycowej<\/p>\n              <\/section>\n            <\/section>\n          <\/section>\n        <\/section>\n\n\n      <section class=\"container-fluid piedepagina\">\n        <section class=\"row\">\n          <section class=\"col-12\">\n            <p class=\"text1\">PL-NONT-00037<br>&nbsp;<span>GL-NONE-000102 | Data opracowania: Luty 2022 r.<\/span><\/p> \n          <\/section>\n        <\/section>\n      <\/section>\n","protected":false},"excerpt":{"rendered":"","protected":false},"author":1,"featured_media":0,"parent":0,"menu_order":0,"comment_status":"closed","ping_status":"closed","template":"","meta":{"footnotes":""},"class_list":["post-38","page","type-page","status-publish","hentry"],"yoast_head":"<!-- This site is optimized with the Yoast SEO plugin v27.3 - https:\/\/yoast.com\/product\/yoast-seo-wordpress\/ -->\n<title>Home - Polski<\/title>\n<meta name=\"description\" content=\"The thyroid gland is a butterfly-shaped organ located at the base of the neck.\" \/>\n<meta name=\"robots\" content=\"index, follow, max-snippet:-1, max-image-preview:large, max-video-preview:-1\" \/>\n<link rel=\"canonical\" href=\"https:\/\/www.thyroidaware.com\/pl\/\" \/>\n<meta property=\"og:locale\" content=\"pl_PL\" \/>\n<meta property=\"og:type\" content=\"article\" \/>\n<meta property=\"og:title\" content=\"home\" \/>\n<meta property=\"og:description\" content=\"The thyroid gland is a butterfly-shaped organ located at the base of the neck.\" \/>\n<meta property=\"og:url\" content=\"https:\/\/www.thyroidaware.com\/pl\/\" \/>\n<meta property=\"og:site_name\" content=\"Polski\" \/>\n<meta property=\"article:modified_time\" content=\"2023-12-14T18:22:09+00:00\" \/>\n<meta property=\"og:image\" content=\"https:\/\/www.thyroidaware.com\/pl\/wp-content\/uploads\/sites\/38\/2022\/01\/symptom-checker-illustration-1.png\" \/>\n\t<meta property=\"og:image:width\" content=\"1024\" \/>\n\t<meta property=\"og:image:height\" content=\"789\" \/>\n\t<meta property=\"og:image:type\" content=\"image\/png\" \/>\n<meta name=\"twitter:card\" content=\"summary_large_image\" \/>\n<meta name=\"twitter:title\" content=\"home\" \/>\n<meta name=\"twitter:description\" content=\"The thyroid gland is a butterfly-shaped organ located at the base of the neck.\" \/>\n<meta name=\"twitter:image\" content=\"https:\/\/www.thyroidaware.com\/pl\/wp-content\/uploads\/sites\/38\/2022\/01\/symptom-checker-illustration-1.png\" \/>\n<meta name=\"twitter:label1\" content=\"Szacowany czas czytania\" \/>\n\t<meta name=\"twitter:data1\" content=\"1 minuta\" \/>\n<script type=\"application\/ld+json\" class=\"yoast-schema-graph\">{\"@context\":\"https:\\\/\\\/schema.org\",\"@graph\":[{\"@type\":\"WebPage\",\"@id\":\"https:\\\/\\\/www.thyroidaware.com\\\/pl\\\/\",\"url\":\"https:\\\/\\\/www.thyroidaware.com\\\/pl\\\/\",\"name\":\"Home - Polski\",\"isPartOf\":{\"@id\":\"https:\\\/\\\/www.thyroidaware.com\\\/pl\\\/#website\"},\"datePublished\":\"2022-01-17T16:20:53+00:00\",\"dateModified\":\"2023-12-14T18:22:09+00:00\",\"description\":\"The thyroid gland is a butterfly-shaped organ located at the base of the neck.\",\"breadcrumb\":{\"@id\":\"https:\\\/\\\/www.thyroidaware.com\\\/pl\\\/#breadcrumb\"},\"inLanguage\":\"pl-PL\",\"potentialAction\":[{\"@type\":\"ReadAction\",\"target\":[\"https:\\\/\\\/www.thyroidaware.com\\\/pl\\\/\"]}]},{\"@type\":\"BreadcrumbList\",\"@id\":\"https:\\\/\\\/www.thyroidaware.com\\\/pl\\\/#breadcrumb\",\"itemListElement\":[{\"@type\":\"ListItem\",\"position\":1,\"name\":\"Strona g\u0142\u00f3wna\",\"item\":\"https:\\\/\\\/www.thyroidaware.com\\\/pl\\\/\"},{\"@type\":\"ListItem\",\"position\":2,\"name\":\"Home\"}]},{\"@type\":\"WebSite\",\"@id\":\"https:\\\/\\\/www.thyroidaware.com\\\/pl\\\/#website\",\"url\":\"https:\\\/\\\/www.thyroidaware.com\\\/pl\\\/\",\"name\":\"Polski\",\"description\":\"Otro sitio realizado con WordPress\",\"potentialAction\":[{\"@type\":\"SearchAction\",\"target\":{\"@type\":\"EntryPoint\",\"urlTemplate\":\"https:\\\/\\\/www.thyroidaware.com\\\/pl\\\/?s={search_term_string}\"},\"query-input\":{\"@type\":\"PropertyValueSpecification\",\"valueRequired\":true,\"valueName\":\"search_term_string\"}}],\"inLanguage\":\"pl-PL\"}]}<\/script>\n<!-- \/ Yoast SEO plugin. -->","yoast_head_json":{"title":"Home - Polski","description":"The thyroid gland is a butterfly-shaped organ located at the base of the neck.","robots":{"index":"index","follow":"follow","max-snippet":"max-snippet:-1","max-image-preview":"max-image-preview:large","max-video-preview":"max-video-preview:-1"},"canonical":"https:\/\/www.thyroidaware.com\/pl\/","og_locale":"pl_PL","og_type":"article","og_title":"home","og_description":"The thyroid gland is a butterfly-shaped organ located at the base of the neck.","og_url":"https:\/\/www.thyroidaware.com\/pl\/","og_site_name":"Polski","article_modified_time":"2023-12-14T18:22:09+00:00","og_image":[{"width":1024,"height":789,"url":"https:\/\/www.thyroidaware.com\/pl\/wp-content\/uploads\/sites\/38\/2022\/01\/symptom-checker-illustration-1.png","type":"image\/png"}],"twitter_card":"summary_large_image","twitter_title":"home","twitter_description":"The thyroid gland is a butterfly-shaped organ located at the base of the neck.","twitter_image":"https:\/\/www.thyroidaware.com\/pl\/wp-content\/uploads\/sites\/38\/2022\/01\/symptom-checker-illustration-1.png","twitter_misc":{"Szacowany czas czytania":"1 minuta"},"schema":{"@context":"https:\/\/schema.org","@graph":[{"@type":"WebPage","@id":"https:\/\/www.thyroidaware.com\/pl\/","url":"https:\/\/www.thyroidaware.com\/pl\/","name":"Home - Polski","isPartOf":{"@id":"https:\/\/www.thyroidaware.com\/pl\/#website"},"datePublished":"2022-01-17T16:20:53+00:00","dateModified":"2023-12-14T18:22:09+00:00","description":"The thyroid gland is a butterfly-shaped organ located at the base of the neck.","breadcrumb":{"@id":"https:\/\/www.thyroidaware.com\/pl\/#breadcrumb"},"inLanguage":"pl-PL","potentialAction":[{"@type":"ReadAction","target":["https:\/\/www.thyroidaware.com\/pl\/"]}]},{"@type":"BreadcrumbList","@id":"https:\/\/www.thyroidaware.com\/pl\/#breadcrumb","itemListElement":[{"@type":"ListItem","position":1,"name":"Strona g\u0142\u00f3wna","item":"https:\/\/www.thyroidaware.com\/pl\/"},{"@type":"ListItem","position":2,"name":"Home"}]},{"@type":"WebSite","@id":"https:\/\/www.thyroidaware.com\/pl\/#website","url":"https:\/\/www.thyroidaware.com\/pl\/","name":"Polski","description":"Otro sitio realizado con WordPress","potentialAction":[{"@type":"SearchAction","target":{"@type":"EntryPoint","urlTemplate":"https:\/\/www.thyroidaware.com\/pl\/?s={search_term_string}"},"query-input":{"@type":"PropertyValueSpecification","valueRequired":true,"valueName":"search_term_string"}}],"inLanguage":"pl-PL"}]}},"_links":{"self":[{"href":"https:\/\/www.thyroidaware.com\/pl\/wp-json\/wp\/v2\/pages\/38","targetHints":{"allow":["GET"]}}],"collection":[{"href":"https:\/\/www.thyroidaware.com\/pl\/wp-json\/wp\/v2\/pages"}],"about":[{"href":"https:\/\/www.thyroidaware.com\/pl\/wp-json\/wp\/v2\/types\/page"}],"author":[{"embeddable":true,"href":"https:\/\/www.thyroidaware.com\/pl\/wp-json\/wp\/v2\/users\/1"}],"replies":[{"embeddable":true,"href":"https:\/\/www.thyroidaware.com\/pl\/wp-json\/wp\/v2\/comments?post=38"}],"version-history":[{"count":69,"href":"https:\/\/www.thyroidaware.com\/pl\/wp-json\/wp\/v2\/pages\/38\/revisions"}],"predecessor-version":[{"id":1094,"href":"https:\/\/www.thyroidaware.com\/pl\/wp-json\/wp\/v2\/pages\/38\/revisions\/1094"}],"wp:attachment":[{"href":"https:\/\/www.thyroidaware.com\/pl\/wp-json\/wp\/v2\/media?parent=38"}],"curies":[{"name":"wp","href":"https:\/\/api.w.org\/{rel}","templated":true}]}}