{"id":2,"date":"2021-12-20T16:49:00","date_gmt":"2021-12-20T16:49:00","guid":{"rendered":"https:\/\/www.thyroidaware.com\/pl\/?page_id=2"},"modified":"2023-05-26T19:35:27","modified_gmt":"2023-05-26T17:35:27","slug":"terms-of-use","status":"publish","type":"page","link":"https:\/\/www.thyroidaware.com\/pl\/disclaimer\/terms-of-use\/","title":{"rendered":"Warunki korzystania"},"content":{"rendered":"\n<p>Niniejsza witryna internetowa jest obs\u0142ugiwana przez firm\u0119 Merck Healthcare KGaA w Darmstadt, Niemcy (zwan\u0105 dalej r\u00f3wnie\u017c \u201eMerck\u201d, \u201emy\u201d, \u201enas\u201d lub \u201enasz\u201d). Dodatkowe informacje mo\u017cna znale\u017a\u0107 w zak\u0142adce \u201eInformacje o sp\u00f3\u0142ce\u201d [link do informacji o sp\u00f3\u0142ce \u2013 <a href=\"https:\/\/www.merckgroup.com\/en\/legal-disclaimer.html\" target=\"_blank\" rel=\"noreferrer noopener\">https:\/\/www.merckgroup.com\/en\/legal-disclaimer.html<\/a>].<\/p>\n\n\n\n<p>Witryna internetowa jest przeznaczona wy\u0142\u0105cznie do og\u00f3lnych cel\u00f3w informacyjnych i edukacyjnych. Chocia\u017c jest dost\u0119pna w r\u00f3\u017cnych j\u0119zykach, to nie zosta\u0142a dostosowana do wymog\u00f3w obowi\u0105zuj\u0105cych w danym kraju. U\u017cywaj\u0105c tej witryny internetowej, u\u017cytkownik o\u015bwiadcza, \u017ce korzysta z niej i jej zawarto\u015bci na w\u0142asne ryzyko.<\/p>\n\n\n\n<p><strong>W \u017cadnym wypadku niniejsza witryna internetowa ani jej tre\u015b\u0107 nie zast\u0119puj\u0105 porady fachowego pracownika ochrony zdrowia i nie mog\u0105 by\u0107 u\u017cywane w diagnostyce jakichkolwiek problem\u00f3w zdrowotnych lub chor\u00f3b. Pacjenci powinni zawsze konsultowa\u0107 si\u0119 z lekarzem lub innym fachowym pracownikiem ochrony zdrowia, aby uzyska\u0107 porad\u0119 medyczn\u0105 lub informacje na temat rozpoznania i leczenia. Je\u015bli sytuacja jest powa\u017cna, nale\u017cy zawsze zadzwoni\u0107 na pogotowie ratunkowe.<\/strong><\/p>\n\n\n\n<h2 class=\"wp-block-heading\">1. <strong>Wy\u0142\u0105czenie odpowiedzialno\u015bci<\/strong><\/h2>\n\n\n\n<p>Zawarto\u015b\u0107 niniejszej witryny internetowej zosta\u0142a przygotowana starannie i zgodnie z aktualnym stanem wiedzy. Nie dajemy jednak \u017cadnej gwarancji, wyra\u017anej czy dorozumianej, \u017ce informacje zamieszczone na tej witrynie internetowej s\u0105 kompletne lub poprawne. Nale\u017cy zw\u0142aszcza pami\u0119ta\u0107 o tym, \u017ce podane informacje mog\u0105 by\u0107 ju\u017c nieaktualne.<\/p>\n\n\n\n<p>Dost\u0119p i korzystanie z tej witryny internetowej oraz wszelkich powi\u0105zanych witryn lub witryn po\u0142\u0105czonych za pomoc\u0105 link\u00f3w odbywa si\u0119 na w\u0142asne ryzyko u\u017cytkownika. Nie ponosimy odpowiedzialno\u015bci za straty, szkody lub roszczenia odszkodowawcze wynikaj\u0105ce z brakuj\u0105cych lub nieprawid\u0142owych danych. Witryna internetowa i wszelkie us\u0142ugi dost\u0119pne za jej po\u015brednictwem s\u0105 przeznaczone wy\u0142\u0105cznie do u\u017cytku osobistego u\u017cytkownika, a nie do u\u017cytku komercyjnego.<\/p>\n\n\n\n<h2 class=\"wp-block-heading\">2. <strong>Uwagi prawne<\/strong><\/h2>\n\n\n\n<p>Wszelkie prawa do witryny internetowej lub wynikaj\u0105ce z niej pozostaj\u0105 w\u0142asno\u015bci\u0105 firmy Merck Healthcare KGaA (Darmstadt, Niemcy), jej oddzia\u0142\u00f3w lub licencjobiorc\u00f3w.<\/p>\n\n\n\n<p>Mo\u017cemy modyfikowa\u0107 niniejsz\u0105 witryn\u0119 internetow\u0105 i (lub) zako\u0144czy\u0107 jej dzia\u0142anie, w ca\u0142o\u015bci lub w cz\u0119\u015bci, w dowolnym momencie bez uprzedniej informacji wed\u0142ug w\u0142asnego uznania i bez ponoszenia odpowiedzialno\u015bci. Firma Merck nie jest r\u00f3wnie\u017c zobowi\u0105zana do aktualizowania zawarto\u015bci niniejszej witryny internetowej.<\/p>\n\n\n\n<p>O ile nie wskazano inaczej, wszystkie szczeg\u00f3\u0142y, dokumenty i prezentacje opublikowane na naszej witrynie internetowej s\u0105 wy\u0142\u0105czn\u0105 w\u0142asno\u015bci\u0105 firmy Merck Healthcare KGaA (Darmstadt, Niemcy), jej oddzia\u0142\u00f3w lub os\u00f3b trzecich, kt\u00f3re zezwoli\u0142y na ich wykorzystanie. O ile nie uzyskano od nas (Dzia\u0142 Komunikacji Korporacyjnej) pisemnej zgody, nie udziela si\u0119 zgody na pobieranie opublikowanych i chronionych prawem autorskim tre\u015bci z naszej witryny internetowej do innych program\u00f3w lub witryn internetowych ani na wykorzystywanie tych tre\u015bci w jakikolwiek inny spos\u00f3b.<\/p>\n\n\n\n<p>Dost\u0119p do niniejszej witryny jest publiczny i nie wymaga rejestracji. Nale\u017cy pami\u0119ta\u0107, \u017ce u\u017cytkownicy mog\u0105 podlega\u0107 przepisom wynikaj\u0105cym z miejscowego prawa. U\u017cytkownicy mi\u0119dzynarodowi musz\u0105 przestrzega\u0107 specjalnych przepis\u00f3w wynikaj\u0105cych z miejscowego prawodawstwa. U\u017cytkownicy w Stanach Zjednoczonych podlegaj\u0105 warunkom korzystania z witryn internetowych naszych ameryka\u0144skich sp\u00f3\u0142ek.<\/p>\n\n\n\n<h2 class=\"wp-block-heading\">3. <strong>Dane osobowe<\/strong><\/h2>\n\n\n\n<p>Zale\u017cy nam na tym, aby chroni\u0107 dane osobowe u\u017cytkownik\u00f3w. Informacje na temat wykorzystania danych osobowych mo\u017cna znale\u017a\u0107 w <a href=\"https:\/\/www.merckgroup.com\/pl-pl\/privacy-statement.html\" target=\"_blank\" rel=\"noreferrer noopener\">o\u015bwiadczeniu o ochronie prywatno\u015bci<\/a>.<\/p>\n\n\n\n<h2 class=\"wp-block-heading\">4. <strong>Zawarto\u015b\u0107<\/strong><\/h2>\n\n\n\n<p>Niniejsza witryna internetowa zawiera og\u00f3lne informacje na temat stan\u00f3w medycznych. Jej tre\u015b\u0107 ma wy\u0142\u0105cznie charakter informacyjny i w \u017cadnym wypadku nie zast\u0119puje porady fachowego pracownika ochrony zdrowia. W zwi\u0105zku z tym nie mo\u017ce by\u0107 u\u017cywana w diagnostyce jakichkolwiek problem\u00f3w zdrowotnych lub chor\u00f3b. Pacjenci powinni zawsze konsultowa\u0107 si\u0119 z lekarzem lub innym fachowym pracownikiem ochrony zdrowia, aby uzyska\u0107 porad\u0119 medyczn\u0105 lub informacje na temat rozpoznania i leczenia.<\/p>\n\n\n\n<p>Witryna internetowa mo\u017ce r\u00f3wnie\u017c zawiera\u0107 linki do witryn nale\u017c\u0105cych do os\u00f3b trzecich. Takie linki s\u0105 udost\u0119pniane jedynie jako u\u0142atwienie. Zawarto\u015b\u0107 witryn internetowych nale\u017c\u0105cych os\u00f3b trzecich nie podlega kontroli naszej firmy. Nie sk\u0142adamy \u017cadnych gwarancji ani o\u015bwiadcze\u0144 dotycz\u0105cych dok\u0142adno\u015bci lub wa\u017cno\u015bci takich informacji. Linki nie stanowi\u0105 r\u00f3wnie\u017c \u017cadnego rodzaju wsparcia lub poparcia dla zawarto\u015bci strony, do kt\u00f3rej prowadz\u0105. Dost\u0119p i korzystanie z witryn po\u0142\u0105czonych za pomoc\u0105 link\u00f3w odbywa si\u0119 na w\u0142asne ryzyko u\u017cytkownika.<\/p>\n\n\n\n<p>Data przygotowania: luty 2022 roku<\/p>\n","protected":false},"excerpt":{"rendered":"<p>Niniejsza witryna internetowa jest obs\u0142ugiwana przez firm\u0119 Merck Healthcare KGaA w Darmstadt, Niemcy (zwan\u0105 dalej r\u00f3wnie\u017c \u201eMerck\u201d, \u201emy\u201d, \u201enas\u201d lub \u201enasz\u201d). Dodatkowe informacje mo\u017cna znale\u017a\u0107 w zak\u0142adce \u201eInformacje o sp\u00f3\u0142ce\u201d [link do informacji o sp\u00f3\u0142ce \u2013 https:\/\/www.merckgroup.com\/en\/legal-disclaimer.html]. Witryna internetowa jest przeznaczona wy\u0142\u0105cznie do og\u00f3lnych cel\u00f3w informacyjnych i edukacyjnych. Chocia\u017c jest dost\u0119pna w r\u00f3\u017cnych j\u0119zykach, to [&hellip;]<\/p>\n","protected":false},"author":1,"featured_media":0,"parent":266,"menu_order":0,"comment_status":"closed","ping_status":"open","template":"template-master-legales.php","meta":{"footnotes":""},"class_list":["post-2","page","type-page","status-publish","hentry"],"yoast_head":"<!-- This site is optimized with the Yoast SEO plugin v27.3 - https:\/\/yoast.com\/product\/yoast-seo-wordpress\/ -->\n<title>Warunki korzystania - Polski<\/title>\n<meta name=\"robots\" content=\"index, follow, max-snippet:-1, max-image-preview:large, max-video-preview:-1\" \/>\n<link rel=\"canonical\" href=\"https:\/\/www.thyroidaware.com\/pl\/disclaimer\/terms-of-use\/\" \/>\n<meta property=\"og:locale\" content=\"pl_PL\" \/>\n<meta property=\"og:type\" content=\"article\" \/>\n<meta property=\"og:title\" content=\"Warunki korzystania - Polski\" \/>\n<meta property=\"og:description\" content=\"Niniejsza witryna internetowa jest obs\u0142ugiwana przez firm\u0119 Merck Healthcare KGaA w Darmstadt, Niemcy (zwan\u0105 dalej r\u00f3wnie\u017c \u201eMerck\u201d, \u201emy\u201d, \u201enas\u201d lub \u201enasz\u201d). Dodatkowe informacje mo\u017cna znale\u017a\u0107 w zak\u0142adce \u201eInformacje o sp\u00f3\u0142ce\u201d [link do informacji o sp\u00f3\u0142ce \u2013 https:\/\/www.merckgroup.com\/en\/legal-disclaimer.html]. Witryna internetowa jest przeznaczona wy\u0142\u0105cznie do og\u00f3lnych cel\u00f3w informacyjnych i edukacyjnych. Chocia\u017c jest dost\u0119pna w r\u00f3\u017cnych j\u0119zykach, to [&hellip;]\" \/>\n<meta property=\"og:url\" content=\"https:\/\/www.thyroidaware.com\/pl\/disclaimer\/terms-of-use\/\" \/>\n<meta property=\"og:site_name\" content=\"Polski\" \/>\n<meta property=\"article:modified_time\" content=\"2023-05-26T17:35:27+00:00\" \/>\n<meta name=\"twitter:card\" content=\"summary_large_image\" \/>\n<meta name=\"twitter:label1\" content=\"Szacowany czas czytania\" \/>\n\t<meta name=\"twitter:data1\" content=\"3 minuty\" \/>\n<script type=\"application\/ld+json\" class=\"yoast-schema-graph\">{\"@context\":\"https:\\\/\\\/schema.org\",\"@graph\":[{\"@type\":\"WebPage\",\"@id\":\"https:\\\/\\\/www.thyroidaware.com\\\/pl\\\/disclaimer\\\/terms-of-use\\\/\",\"url\":\"https:\\\/\\\/www.thyroidaware.com\\\/pl\\\/disclaimer\\\/terms-of-use\\\/\",\"name\":\"Warunki korzystania - Polski\",\"isPartOf\":{\"@id\":\"https:\\\/\\\/www.thyroidaware.com\\\/pl\\\/#website\"},\"datePublished\":\"2021-12-20T16:49:00+00:00\",\"dateModified\":\"2023-05-26T17:35:27+00:00\",\"breadcrumb\":{\"@id\":\"https:\\\/\\\/www.thyroidaware.com\\\/pl\\\/disclaimer\\\/terms-of-use\\\/#breadcrumb\"},\"inLanguage\":\"pl-PL\",\"potentialAction\":[{\"@type\":\"ReadAction\",\"target\":[\"https:\\\/\\\/www.thyroidaware.com\\\/pl\\\/disclaimer\\\/terms-of-use\\\/\"]}]},{\"@type\":\"BreadcrumbList\",\"@id\":\"https:\\\/\\\/www.thyroidaware.com\\\/pl\\\/disclaimer\\\/terms-of-use\\\/#breadcrumb\",\"itemListElement\":[{\"@type\":\"ListItem\",\"position\":1,\"name\":\"Strona g\u0142\u00f3wna\",\"item\":\"https:\\\/\\\/www.thyroidaware.com\\\/pl\\\/\"},{\"@type\":\"ListItem\",\"position\":2,\"name\":\"Legal Disclaimer\",\"item\":\"https:\\\/\\\/www.thyroidaware.com\\\/pl\\\/disclaimer\\\/\"},{\"@type\":\"ListItem\",\"position\":3,\"name\":\"Warunki korzystania\"}]},{\"@type\":\"WebSite\",\"@id\":\"https:\\\/\\\/www.thyroidaware.com\\\/pl\\\/#website\",\"url\":\"https:\\\/\\\/www.thyroidaware.com\\\/pl\\\/\",\"name\":\"Polski\",\"description\":\"Otro sitio realizado con WordPress\",\"potentialAction\":[{\"@type\":\"SearchAction\",\"target\":{\"@type\":\"EntryPoint\",\"urlTemplate\":\"https:\\\/\\\/www.thyroidaware.com\\\/pl\\\/?s={search_term_string}\"},\"query-input\":{\"@type\":\"PropertyValueSpecification\",\"valueRequired\":true,\"valueName\":\"search_term_string\"}}],\"inLanguage\":\"pl-PL\"}]}<\/script>\n<!-- \/ Yoast SEO plugin. -->","yoast_head_json":{"title":"Warunki korzystania - Polski","robots":{"index":"index","follow":"follow","max-snippet":"max-snippet:-1","max-image-preview":"max-image-preview:large","max-video-preview":"max-video-preview:-1"},"canonical":"https:\/\/www.thyroidaware.com\/pl\/disclaimer\/terms-of-use\/","og_locale":"pl_PL","og_type":"article","og_title":"Warunki korzystania - Polski","og_description":"Niniejsza witryna internetowa jest obs\u0142ugiwana przez firm\u0119 Merck Healthcare KGaA w Darmstadt, Niemcy (zwan\u0105 dalej r\u00f3wnie\u017c \u201eMerck\u201d, \u201emy\u201d, \u201enas\u201d lub \u201enasz\u201d). Dodatkowe informacje mo\u017cna znale\u017a\u0107 w zak\u0142adce \u201eInformacje o sp\u00f3\u0142ce\u201d [link do informacji o sp\u00f3\u0142ce \u2013 https:\/\/www.merckgroup.com\/en\/legal-disclaimer.html]. Witryna internetowa jest przeznaczona wy\u0142\u0105cznie do og\u00f3lnych cel\u00f3w informacyjnych i edukacyjnych. Chocia\u017c jest dost\u0119pna w r\u00f3\u017cnych j\u0119zykach, to [&hellip;]","og_url":"https:\/\/www.thyroidaware.com\/pl\/disclaimer\/terms-of-use\/","og_site_name":"Polski","article_modified_time":"2023-05-26T17:35:27+00:00","twitter_card":"summary_large_image","twitter_misc":{"Szacowany czas czytania":"3 minuty"},"schema":{"@context":"https:\/\/schema.org","@graph":[{"@type":"WebPage","@id":"https:\/\/www.thyroidaware.com\/pl\/disclaimer\/terms-of-use\/","url":"https:\/\/www.thyroidaware.com\/pl\/disclaimer\/terms-of-use\/","name":"Warunki korzystania - Polski","isPartOf":{"@id":"https:\/\/www.thyroidaware.com\/pl\/#website"},"datePublished":"2021-12-20T16:49:00+00:00","dateModified":"2023-05-26T17:35:27+00:00","breadcrumb":{"@id":"https:\/\/www.thyroidaware.com\/pl\/disclaimer\/terms-of-use\/#breadcrumb"},"inLanguage":"pl-PL","potentialAction":[{"@type":"ReadAction","target":["https:\/\/www.thyroidaware.com\/pl\/disclaimer\/terms-of-use\/"]}]},{"@type":"BreadcrumbList","@id":"https:\/\/www.thyroidaware.com\/pl\/disclaimer\/terms-of-use\/#breadcrumb","itemListElement":[{"@type":"ListItem","position":1,"name":"Strona g\u0142\u00f3wna","item":"https:\/\/www.thyroidaware.com\/pl\/"},{"@type":"ListItem","position":2,"name":"Legal Disclaimer","item":"https:\/\/www.thyroidaware.com\/pl\/disclaimer\/"},{"@type":"ListItem","position":3,"name":"Warunki korzystania"}]},{"@type":"WebSite","@id":"https:\/\/www.thyroidaware.com\/pl\/#website","url":"https:\/\/www.thyroidaware.com\/pl\/","name":"Polski","description":"Otro sitio realizado con WordPress","potentialAction":[{"@type":"SearchAction","target":{"@type":"EntryPoint","urlTemplate":"https:\/\/www.thyroidaware.com\/pl\/?s={search_term_string}"},"query-input":{"@type":"PropertyValueSpecification","valueRequired":true,"valueName":"search_term_string"}}],"inLanguage":"pl-PL"}]}},"_links":{"self":[{"href":"https:\/\/www.thyroidaware.com\/pl\/wp-json\/wp\/v2\/pages\/2","targetHints":{"allow":["GET"]}}],"collection":[{"href":"https:\/\/www.thyroidaware.com\/pl\/wp-json\/wp\/v2\/pages"}],"about":[{"href":"https:\/\/www.thyroidaware.com\/pl\/wp-json\/wp\/v2\/types\/page"}],"author":[{"embeddable":true,"href":"https:\/\/www.thyroidaware.com\/pl\/wp-json\/wp\/v2\/users\/1"}],"replies":[{"embeddable":true,"href":"https:\/\/www.thyroidaware.com\/pl\/wp-json\/wp\/v2\/comments?post=2"}],"version-history":[{"count":10,"href":"https:\/\/www.thyroidaware.com\/pl\/wp-json\/wp\/v2\/pages\/2\/revisions"}],"predecessor-version":[{"id":1032,"href":"https:\/\/www.thyroidaware.com\/pl\/wp-json\/wp\/v2\/pages\/2\/revisions\/1032"}],"up":[{"embeddable":true,"href":"https:\/\/www.thyroidaware.com\/pl\/wp-json\/wp\/v2\/pages\/266"}],"wp:attachment":[{"href":"https:\/\/www.thyroidaware.com\/pl\/wp-json\/wp\/v2\/media?parent=2"}],"curies":[{"name":"wp","href":"https:\/\/api.w.org\/{rel}","templated":true}]}}