{"id":40,"date":"2022-01-17T16:21:24","date_gmt":"2022-01-17T16:21:24","guid":{"rendered":"https:\/\/www.thyroidaware.com\/fr\/?page_id=40"},"modified":"2024-04-09T19:55:53","modified_gmt":"2024-04-09T17:55:53","slug":"the-thyroid","status":"publish","type":"page","link":"https:\/\/www.thyroidaware.com\/fr\/the-thyroid\/","title":{"rendered":"La Thyro\u00efde"},"content":{"rendered":"\n<h1 class=\"wp-block-heading\">La <span style=\"color:#8416ae\" class=\"has-inline-color\">Thyro\u00efde<\/span><\/h1>\n\n\n\n<p>La glande thyro\u00efde est le \u00ab\u00a0contr\u00f4leur principal\u00a0\u00bb du m\u00e9tabolisme.<\/p>\n","protected":false},"excerpt":{"rendered":"<p>La Thyro\u00efde La glande thyro\u00efde est le \u00ab\u00a0contr\u00f4leur principal\u00a0\u00bb du m\u00e9tabolisme.<\/p>\n","protected":false},"author":1,"featured_media":0,"parent":0,"menu_order":0,"comment_status":"closed","ping_status":"closed","template":"template-page-the-thyroid.php","meta":{"footnotes":""},"class_list":["post-40","page","type-page","status-publish","hentry"],"yoast_head":"<!-- This site is optimized with the Yoast SEO plugin v27.3 - https:\/\/yoast.com\/product\/yoast-seo-wordpress\/ -->\n<title>La Thyro\u00efde - Thyroid Fr<\/title>\n<meta name=\"robots\" content=\"index, follow, max-snippet:-1, max-image-preview:large, max-video-preview:-1\" \/>\n<link rel=\"canonical\" href=\"https:\/\/www.thyroidaware.com\/fr\/the-thyroid\/\" \/>\n<meta property=\"og:locale\" content=\"fr_FR\" \/>\n<meta property=\"og:type\" content=\"article\" \/>\n<meta property=\"og:title\" content=\"La Thyro\u00efde - Thyroid Fr\" \/>\n<meta property=\"og:description\" content=\"La Thyro\u00efde La glande thyro\u00efde est le \u00ab\u00a0contr\u00f4leur principal\u00a0\u00bb du m\u00e9tabolisme.\" \/>\n<meta property=\"og:url\" content=\"https:\/\/www.thyroidaware.com\/fr\/the-thyroid\/\" \/>\n<meta property=\"og:site_name\" content=\"Thyroid Fr\" \/>\n<meta property=\"article:modified_time\" content=\"2024-04-09T17:55:53+00:00\" \/>\n<meta name=\"twitter:card\" content=\"summary_large_image\" \/>\n<meta name=\"twitter:label1\" content=\"Dur\u00e9e de lecture estim\u00e9e\" \/>\n\t<meta name=\"twitter:data1\" content=\"1 minute\" \/>\n<script type=\"application\/ld+json\" class=\"yoast-schema-graph\">{\"@context\":\"https:\\\/\\\/schema.org\",\"@graph\":[{\"@type\":\"WebPage\",\"@id\":\"https:\\\/\\\/www.thyroidaware.com\\\/fr\\\/the-thyroid\\\/\",\"url\":\"https:\\\/\\\/www.thyroidaware.com\\\/fr\\\/the-thyroid\\\/\",\"name\":\"La Thyro\u00efde - Thyroid Fr\",\"isPartOf\":{\"@id\":\"https:\\\/\\\/www.thyroidaware.com\\\/fr\\\/#website\"},\"datePublished\":\"2022-01-17T16:21:24+00:00\",\"dateModified\":\"2024-04-09T17:55:53+00:00\",\"breadcrumb\":{\"@id\":\"https:\\\/\\\/www.thyroidaware.com\\\/fr\\\/the-thyroid\\\/#breadcrumb\"},\"inLanguage\":\"fr-FR\",\"potentialAction\":[{\"@type\":\"ReadAction\",\"target\":[\"https:\\\/\\\/www.thyroidaware.com\\\/fr\\\/the-thyroid\\\/\"]}]},{\"@type\":\"BreadcrumbList\",\"@id\":\"https:\\\/\\\/www.thyroidaware.com\\\/fr\\\/the-thyroid\\\/#breadcrumb\",\"itemListElement\":[{\"@type\":\"ListItem\",\"position\":1,\"name\":\"Accueil\",\"item\":\"https:\\\/\\\/www.thyroidaware.com\\\/fr\\\/\"},{\"@type\":\"ListItem\",\"position\":2,\"name\":\"La Thyro\u00efde\"}]},{\"@type\":\"WebSite\",\"@id\":\"https:\\\/\\\/www.thyroidaware.com\\\/fr\\\/#website\",\"url\":\"https:\\\/\\\/www.thyroidaware.com\\\/fr\\\/\",\"name\":\"Thyroid Fr\",\"description\":\"Otro sitio realizado con WordPress\",\"potentialAction\":[{\"@type\":\"SearchAction\",\"target\":{\"@type\":\"EntryPoint\",\"urlTemplate\":\"https:\\\/\\\/www.thyroidaware.com\\\/fr\\\/?s={search_term_string}\"},\"query-input\":{\"@type\":\"PropertyValueSpecification\",\"valueRequired\":true,\"valueName\":\"search_term_string\"}}],\"inLanguage\":\"fr-FR\"}]}<\/script>\n<!-- \/ Yoast SEO plugin. -->","yoast_head_json":{"title":"La Thyro\u00efde - Thyroid Fr","robots":{"index":"index","follow":"follow","max-snippet":"max-snippet:-1","max-image-preview":"max-image-preview:large","max-video-preview":"max-video-preview:-1"},"canonical":"https:\/\/www.thyroidaware.com\/fr\/the-thyroid\/","og_locale":"fr_FR","og_type":"article","og_title":"La Thyro\u00efde - Thyroid Fr","og_description":"La Thyro\u00efde La glande thyro\u00efde est le \u00ab\u00a0contr\u00f4leur principal\u00a0\u00bb du m\u00e9tabolisme.","og_url":"https:\/\/www.thyroidaware.com\/fr\/the-thyroid\/","og_site_name":"Thyroid Fr","article_modified_time":"2024-04-09T17:55:53+00:00","twitter_card":"summary_large_image","twitter_misc":{"Dur\u00e9e de lecture estim\u00e9e":"1 minute"},"schema":{"@context":"https:\/\/schema.org","@graph":[{"@type":"WebPage","@id":"https:\/\/www.thyroidaware.com\/fr\/the-thyroid\/","url":"https:\/\/www.thyroidaware.com\/fr\/the-thyroid\/","name":"La Thyro\u00efde - Thyroid Fr","isPartOf":{"@id":"https:\/\/www.thyroidaware.com\/fr\/#website"},"datePublished":"2022-01-17T16:21:24+00:00","dateModified":"2024-04-09T17:55:53+00:00","breadcrumb":{"@id":"https:\/\/www.thyroidaware.com\/fr\/the-thyroid\/#breadcrumb"},"inLanguage":"fr-FR","potentialAction":[{"@type":"ReadAction","target":["https:\/\/www.thyroidaware.com\/fr\/the-thyroid\/"]}]},{"@type":"BreadcrumbList","@id":"https:\/\/www.thyroidaware.com\/fr\/the-thyroid\/#breadcrumb","itemListElement":[{"@type":"ListItem","position":1,"name":"Accueil","item":"https:\/\/www.thyroidaware.com\/fr\/"},{"@type":"ListItem","position":2,"name":"La Thyro\u00efde"}]},{"@type":"WebSite","@id":"https:\/\/www.thyroidaware.com\/fr\/#website","url":"https:\/\/www.thyroidaware.com\/fr\/","name":"Thyroid Fr","description":"Otro sitio realizado con WordPress","potentialAction":[{"@type":"SearchAction","target":{"@type":"EntryPoint","urlTemplate":"https:\/\/www.thyroidaware.com\/fr\/?s={search_term_string}"},"query-input":{"@type":"PropertyValueSpecification","valueRequired":true,"valueName":"search_term_string"}}],"inLanguage":"fr-FR"}]}},"_links":{"self":[{"href":"https:\/\/www.thyroidaware.com\/fr\/wp-json\/wp\/v2\/pages\/40","targetHints":{"allow":["GET"]}}],"collection":[{"href":"https:\/\/www.thyroidaware.com\/fr\/wp-json\/wp\/v2\/pages"}],"about":[{"href":"https:\/\/www.thyroidaware.com\/fr\/wp-json\/wp\/v2\/types\/page"}],"author":[{"embeddable":true,"href":"https:\/\/www.thyroidaware.com\/fr\/wp-json\/wp\/v2\/users\/1"}],"replies":[{"embeddable":true,"href":"https:\/\/www.thyroidaware.com\/fr\/wp-json\/wp\/v2\/comments?post=40"}],"version-history":[{"count":6,"href":"https:\/\/www.thyroidaware.com\/fr\/wp-json\/wp\/v2\/pages\/40\/revisions"}],"predecessor-version":[{"id":972,"href":"https:\/\/www.thyroidaware.com\/fr\/wp-json\/wp\/v2\/pages\/40\/revisions\/972"}],"wp:attachment":[{"href":"https:\/\/www.thyroidaware.com\/fr\/wp-json\/wp\/v2\/media?parent=40"}],"curies":[{"name":"wp","href":"https:\/\/api.w.org\/{rel}","templated":true}]}}