{"id":38,"date":"2022-01-17T16:20:53","date_gmt":"2022-01-17T16:20:53","guid":{"rendered":"https:\/\/www.thyroidaware.com\/fr\/?page_id=38"},"modified":"2024-04-19T20:55:08","modified_gmt":"2024-04-19T18:55:08","slug":"home","status":"publish","type":"page","link":"https:\/\/www.thyroidaware.com\/fr\/","title":{"rendered":"Home"},"content":{"rendered":"<section class=\"container-fluid banner\">\n      <section class=\"row\">\n       <section class=\"col-lg-6 left\">\n       <div style=\"fill:#2bf3f7ff;\">\n         <svg viewBox=\"0 0 200 200\" xmlns=\"http:\/\/www.w3.org\/2000\/svg\">\n           <path d=\"M44.9,-78.5C57.9,-70.2,68.1,-57.7,75.5,-43.9C82.8,-30.1,87.3,-15.1,88.4,0.6C89.5,16.3,87.2,32.7,80.2,47C73.2,61.4,61.5,73.9,47.4,81.3C33.2,88.8,16.6,91.2,0.8,89.8C-15,88.4,-30,83.2,-44.2,75.8C-58.4,68.4,-71.7,58.7,-79.2,45.7C-86.8,32.7,-88.6,16.4,-88.4,0.1C-88.2,-16.1,-86,-32.2,-79.2,-46.6C-72.5,-61,-61.2,-73.7,-47.2,-81.5C-33.3,-89.2,-16.6,-92,-0.4,-91.4C15.9,-90.8,31.8,-86.8,44.9,-78.5Z\" transform=\"translate(100 100)\"><\/path>\n         <\/svg>\n       <\/div>\n       <img decoding=\"async\" class=\"img-fluid d-block mx-auto img_general\" src=\"https:\/\/www.thyroidaware.com\/fr\/wp-content\/uploads\/sites\/41\/2022\/01\/symptom-checker-illustration-1.png\" alt=\"complete-our-short-symptom-checker-now-thyroid-image-front\">\n       <\/section>\n       <section class=\"col-lg-6 rigth\">\n         <p>Pensez-vous avoir un trouble <span style=\"color: #5704e8;\">thyro\u00efdien<\/span>?<\/p>\n\n         <p>Compl\u00e9tez notre court v\u00e9rificateur de sympt\u00f4mes maintenant<\/p>\n         <a href=\"https:\/\/www.thyroidaware.com\/fr\/symptom-checker\/\">\n           <button id=\"home-event-quiz\" class=\"btn position-relative d-flex justify-content-center align-items-center\" type=\"submit\">\n             Testez maintenant\n           <\/button>\n         <\/a>\n       <\/section>\n     <\/section>\n    <\/section>\n\n\n      <section class=\"container-fluid carousel-news\">\n        <section class=\"row\">\n          <section class=\"col-12 offset-lg-2 col-lg-8\">\n            <section class=\"text-center\">\n              <p class=\"text1\">&#8211; DERNI\u00c8RES NOUVELLES &#8211; <\/p>\n\t\t\t\t\t\t\t<a class=\"d-none d-lg-flex justify-content-start align-items-center view\" href=\"https:\/\/www.thyroidaware.com\/fr\/latest-news\/\">\n\t\t\t\t\t\t\t\t<p class=\"text2\">Voir tout<\/p>\n\t\t\t\t\t\t\t<\/a>\n            <\/section>\n            <p class=\"text3\">Actualit\u00e9s pour prendre soin de votre thyro\u00efde<\/p>\n\t\t\t\t\t\t<a class=\"d-flex d-lg-none justify-content-center align-items-center view\" href=\"https:\/\/www.thyroidaware.com\/fr\/latest-news\/\">\n\t\t\t\t\t\t\t<p class=\"text2\">Voir tout<\/p>\n\t\t\t\t\t\t<\/a>\n          <\/section>\n          <!---->\n          <section class=\"col-12 offset-lg-2 col-lg-8\">\n            <section id=\"dos-columnas\" class=\"owl-carousel owl-theme\">\n                            <section class=\"item\">\n                  <div class=\"card\">\n                    <div class=\"d-flex justify-content-center align-items-center type-art\">Derni\u00e8res nouvelles<\/div>\n                    <a href=\"https:\/\/www.thyroidaware.com\/fr\/test-and-talk-know-your-thyroid-by-tsh-testing\/\"><img loading=\"lazy\" decoding=\"async\" width=\"585\" height=\"330\" src=\"https:\/\/www.thyroidaware.com\/fr\/wp-content\/uploads\/sites\/41\/2022\/05\/MicrosoftTeams-image-5-585x330.png\" class=\"attachment-homenews size-homenews wp-post-image\" alt=\"\" srcset=\"https:\/\/www.thyroidaware.com\/fr\/wp-content\/uploads\/sites\/41\/2022\/05\/MicrosoftTeams-image-5-585x330.png 585w, https:\/\/www.thyroidaware.com\/fr\/wp-content\/uploads\/sites\/41\/2022\/05\/MicrosoftTeams-image-5-610x344.png 610w\" sizes=\"auto, (max-width: 585px) 100vw, 585px\" \/><\/a>\n                    <div class=\"card-body\">\n                      <a href=\"https:\/\/www.thyroidaware.com\/fr\/test-and-talk-know-your-thyroid-by-tsh-testing\/\"><h5 class=\"card-title\">Testez et parlez \u2013 Conna\u00eetre votre thyro\u00efde par le test de TSH<\/h5><\/a>\n                      <p class=\"text-post-read\">Conna\u00eetre votre thyro\u00efde peut vous aider \u00e0 optimiser le temps pass\u00e9 avec votre professionnel de\u2026<\/p>\n                      <section class=\"d-flex justify-content-between align-items-center\">\n                        <p class=\"read-more-link\">\n                          <a href=\"https:\/\/www.thyroidaware.com\/fr\/test-and-talk-know-your-thyroid-by-tsh-testing\/\" class=\"d-flex justify-content-start align-items-center\">\n                          En apprendre davantage                        \t<\/a>\n                        <\/p>\n                      <\/section>\n                    <\/div>\n                  <\/div>\n                <\/section>\n                            <section class=\"item\">\n                  <div class=\"card\">\n                    <div class=\"d-flex justify-content-center align-items-center type-art\">Derni\u00e8res nouvelles<\/div>\n                    <a href=\"https:\/\/www.thyroidaware.com\/fr\/undiagnosed-thyroid-disorders-can-affect-fertility-and-the-health-of-mother-and-baby\/\"><img loading=\"lazy\" decoding=\"async\" width=\"585\" height=\"330\" src=\"https:\/\/www.thyroidaware.com\/fr\/wp-content\/uploads\/sites\/41\/2022\/01\/latest-news-nota-2-585x330.png\" class=\"attachment-homenews size-homenews wp-post-image\" alt=\"\" srcset=\"https:\/\/www.thyroidaware.com\/fr\/wp-content\/uploads\/sites\/41\/2022\/01\/latest-news-nota-2-585x330.png 585w, https:\/\/www.thyroidaware.com\/fr\/wp-content\/uploads\/sites\/41\/2022\/01\/latest-news-nota-2-300x169.png 300w, https:\/\/www.thyroidaware.com\/fr\/wp-content\/uploads\/sites\/41\/2022\/01\/latest-news-nota-2-1024x576.png 1024w, https:\/\/www.thyroidaware.com\/fr\/wp-content\/uploads\/sites\/41\/2022\/01\/latest-news-nota-2-768x432.png 768w, https:\/\/www.thyroidaware.com\/fr\/wp-content\/uploads\/sites\/41\/2022\/01\/latest-news-nota-2-610x344.png 610w, https:\/\/www.thyroidaware.com\/fr\/wp-content\/uploads\/sites\/41\/2022\/01\/latest-news-nota-2.png 1440w\" sizes=\"auto, (max-width: 585px) 100vw, 585px\" \/><\/a>\n                    <div class=\"card-body\">\n                      <a href=\"https:\/\/www.thyroidaware.com\/fr\/undiagnosed-thyroid-disorders-can-affect-fertility-and-the-health-of-mother-and-baby\/\"><h5 class=\"card-title\">Les troubles thyro\u00efdiens non diagnostiqu\u00e9s peuvent affecter la fertilit\u00e9 et la sant\u00e9 de la m\u00e8re et du b\u00e9b\u00e9<\/h5><\/a>\n                      <p class=\"text-post-read\">Les probl\u00e8mes de thyro\u00efde : M\u00e8re et b\u00e9b\u00e9 est le th\u00e8me de la semaine internationale\u2026<\/p>\n                      <section class=\"d-flex justify-content-between align-items-center\">\n                        <p class=\"read-more-link\">\n                          <a href=\"https:\/\/www.thyroidaware.com\/fr\/undiagnosed-thyroid-disorders-can-affect-fertility-and-the-health-of-mother-and-baby\/\" class=\"d-flex justify-content-start align-items-center\">\n                          En apprendre davantage                        \t<\/a>\n                        <\/p>\n                      <\/section>\n                    <\/div>\n                  <\/div>\n                <\/section>\n                        <\/section>\n          <\/section>\n        <\/section>\n      <\/section>\n\n\n\t\t\t<section class=\"container-fluid subbanner\" style=\"background-color:#FE369C;\">\n\t\t\t\t<section class=\"row\">\n\t\t\t\t\t<section class=\"col-12 offset-lg-2 col-lg-4 d-flex justify-content-center align-items-start flex-column\">\n\t\t\t\t\t\t<p class=\"text1\">La glande <span style=\"color:#5700E6\">thyro\u00efde<\/span> est un organe en forme de papillon situ\u00e9 \u00e0 la base du cou, devant la trach\u00e9e.<\/p>\n\t\t\t\t\t\t<p class=\"text2\">C&rsquo;est le<span style=\"color:#5700E6\"> \u00ab\u00a0contr\u00f4leur principal\u00a0\u00bb <\/span>du m\u00e9tabolisme<\/p>\n\t\t\t\t\t\t<a class=\"btn position-relative btn1\" style=\"background-color:#5700E6 ;color: #FFFFFF  ;\" href=\"en\/the-thyroid\/\">\n              Es Savoir Plus\t\t\t\t\t\t\t<svg xmlns=\"http:\/\/www.w3.org\/2000\/svg\" viewBox=\"0 0 24 24\">\n\t\t\t\t\t\t\t  <g id=\"arrow\" transform=\"translate(-1150 -592)\">\n\t\t\t\t\t\t\t    <circle id=\"Ellipse_1\" data-name=\"Ellipse 1\" cx=\"12\" cy=\"12\" r=\"12\" transform=\"translate(1150 592)\" fill=\"#FFFFFF\"\/>\n\t\t\t\t\t\t\t    <g id=\"arrow-right\" transform=\"translate(11.5 -41.5)\">\n\t\t\t\t\t\t\t      <path id=\"Path_17\" data-name=\"Path 17\" d=\"M6.5.5l4,4-4,4\" transform=\"translate(1145 641)\" fill=\"none\" stroke=\"#5700E6\" stroke-linecap=\"round\" stroke-linejoin=\"round\" stroke-width=\"1\"\/>\n\t\t\t\t\t\t\t      <line id=\"Line_1\" data-name=\"Line 1\" x2=\"10\" transform=\"translate(1145.5 645.5)\" fill=\"none\" stroke=\"#5700E6\" stroke-linecap=\"round\" stroke-width=\"1\"\/>\n\t\t\t\t\t\t\t    <\/g>\n\t\t\t\t\t\t\t  <\/g>\n\t\t\t\t\t\t\t<\/svg>\n\t\t\t\t\t\t<\/a>\n\t\t\t\t\t\t<a class=\"btn position-relative btn2\" style=\"background-color:#FFFFFF ;color: #5700E6  ;\" href=\"en\/the-thyroid\/\">\n\t\t\t\t\t\t\tEs Savoir Plus\t\t\t\t\t\t\t<svg xmlns=\"http:\/\/www.w3.org\/2000\/svg\" viewBox=\"0 0 24 24\">\n\t\t\t\t\t\t\t\t<g id=\"arrow\" transform=\"translate(-1150 -592)\">\n\t\t\t\t\t\t\t\t\t<circle id=\"Ellipse_1\" data-name=\"Ellipse 1\" cx=\"12\" cy=\"12\" r=\"12\" transform=\"translate(1150 592)\" fill=\"#5700E6\"\/>\n\t\t\t\t\t\t\t\t\t<g id=\"arrow-right\" transform=\"translate(11.5 -41.5)\">\n\t\t\t\t\t\t\t\t\t\t<path id=\"Path_17\" data-name=\"Path 17\" d=\"M6.5.5l4,4-4,4\" transform=\"translate(1145 641)\" fill=\"none\" stroke=\"#FFFFFF\" stroke-linecap=\"round\" stroke-linejoin=\"round\" stroke-width=\"1\"\/>\n\t\t\t\t\t\t\t\t\t\t<line id=\"Line_1\" data-name=\"Line 1\" x2=\"10\" transform=\"translate(1145.5 645.5)\" fill=\"none\" stroke=\"#FFFFFF\" stroke-linecap=\"round\" stroke-width=\"1\"\/>\n\t\t\t\t\t\t\t\t\t<\/g>\n\t\t\t\t\t\t\t\t<\/g>\n\t\t\t\t\t\t\t<\/svg>\n\t\t\t\t\t\t<\/a>\n\t\t\t\t\t<\/section>\n\t\t\t\t\t<section class=\"col-12 col-lg-6 d-flex justify-content-start align-items-center\">\n\t\t\t\t\t\t<img loading=\"lazy\" decoding=\"async\" class=\"img-fluid d-block rigth-image\" src=\"https:\/\/www.thyroidaware.com\/fr\/wp-content\/uploads\/sites\/41\/2022\/01\/the-thyroid-illustration.png\" alt=\"banner pleca home thyroid\" width=\"621\" height=\"420\">\n\t\t\t\t\t<\/section>\n\t\t\t\t<\/section>\n\t\t\t<\/section>\n\n\n        <section class=\"container-fluid sentence\">\n          <section class=\"row\">\n            <section class=\"col-12 d-flex justify-content-center align-items-center flex-column\">\n              <section class=\"d-flex justify-content-center align-items-center flex-column white-box\">\n                <span><\/span>\n                <p class=\"text1\">\u201cEn tant que pr\u00e9sident de la F\u00e9d\u00e9ration internationale de la thyro\u00efde, je vous encourage \u00e0 r\u00e9fl\u00e9chir soigneusement \u00e0 savoir si vous ou quelqu&rsquo;un que vous connaissez pourriez souffrir d&rsquo;un trouble thyro\u00efdien. Si vous suspectez cela, consultez votre m\u00e9decin et demandez \u00e0 \u00eatre d\u00e9pist\u00e9 avec un simple test sanguin. Entre les mains d&rsquo;un professionnel de la sant\u00e9, les troubles thyro\u00efdiens peuvent \u00eatre bien g\u00e9r\u00e9s.\u201d<\/p>\n                <p class=\"text2\">&#8211; Ashok Bhaseen, Pr\u00e9sident de la F\u00e9d\u00e9ration internationale de la thyro\u00efde<\/p>\n              <\/section>\n            <\/section>\n          <\/section>\n        <\/section>\n\n\n      <section class=\"container-fluid piedepagina\">\n        <section class=\"row\">\n          <section class=\"col-12\">\n            <p class=\"text1\">NAF-NONT-00006<br>&nbsp;<span>Date de pr\u00e9paration : f\u00e9vrier 2022<\/span><\/p> \n          <\/section>\n        <\/section>\n      <\/section>\n","protected":false},"excerpt":{"rendered":"","protected":false},"author":1,"featured_media":0,"parent":0,"menu_order":0,"comment_status":"closed","ping_status":"closed","template":"","meta":{"footnotes":""},"class_list":["post-38","page","type-page","status-publish","hentry"],"yoast_head":"<!-- This site is optimized with the Yoast SEO plugin v27.3 - https:\/\/yoast.com\/product\/yoast-seo-wordpress\/ -->\n<title>Home - Thyroid Fr<\/title>\n<meta name=\"description\" content=\"The thyroid gland is a butterfly-shaped organ located at the base of the neck.\" \/>\n<meta name=\"robots\" content=\"index, follow, max-snippet:-1, max-image-preview:large, max-video-preview:-1\" \/>\n<link rel=\"canonical\" href=\"https:\/\/www.thyroidaware.com\/fr\/\" \/>\n<meta property=\"og:locale\" content=\"fr_FR\" \/>\n<meta property=\"og:type\" content=\"article\" \/>\n<meta property=\"og:title\" content=\"home\" \/>\n<meta property=\"og:description\" content=\"The thyroid gland is a butterfly-shaped organ located at the base of the neck.\" \/>\n<meta property=\"og:url\" content=\"https:\/\/www.thyroidaware.com\/fr\/\" \/>\n<meta property=\"og:site_name\" content=\"Thyroid Fr\" \/>\n<meta property=\"article:modified_time\" content=\"2024-04-19T18:55:08+00:00\" \/>\n<meta property=\"og:image\" content=\"https:\/\/www.thyroidaware.com\/fr\/wp-content\/uploads\/sites\/41\/2022\/01\/symptom-checker-illustration-1.png\" \/>\n\t<meta property=\"og:image:width\" content=\"1024\" \/>\n\t<meta property=\"og:image:height\" content=\"789\" \/>\n\t<meta property=\"og:image:type\" content=\"image\/png\" \/>\n<meta name=\"twitter:card\" content=\"summary_large_image\" \/>\n<meta name=\"twitter:title\" content=\"home\" \/>\n<meta name=\"twitter:description\" content=\"The thyroid gland is a butterfly-shaped organ located at the base of the neck.\" \/>\n<meta name=\"twitter:image\" content=\"https:\/\/www.thyroidaware.com\/fr\/wp-content\/uploads\/sites\/41\/2022\/01\/symptom-checker-illustration-1.png\" \/>\n<meta name=\"twitter:label1\" content=\"Dur\u00e9e de lecture estim\u00e9e\" \/>\n\t<meta name=\"twitter:data1\" content=\"1 minute\" \/>\n<script type=\"application\/ld+json\" class=\"yoast-schema-graph\">{\"@context\":\"https:\\\/\\\/schema.org\",\"@graph\":[{\"@type\":\"WebPage\",\"@id\":\"https:\\\/\\\/www.thyroidaware.com\\\/fr\\\/\",\"url\":\"https:\\\/\\\/www.thyroidaware.com\\\/fr\\\/\",\"name\":\"Home - Thyroid Fr\",\"isPartOf\":{\"@id\":\"https:\\\/\\\/www.thyroidaware.com\\\/fr\\\/#website\"},\"datePublished\":\"2022-01-17T16:20:53+00:00\",\"dateModified\":\"2024-04-19T18:55:08+00:00\",\"description\":\"The thyroid gland is a butterfly-shaped organ located at the base of the neck.\",\"breadcrumb\":{\"@id\":\"https:\\\/\\\/www.thyroidaware.com\\\/fr\\\/#breadcrumb\"},\"inLanguage\":\"fr-FR\",\"potentialAction\":[{\"@type\":\"ReadAction\",\"target\":[\"https:\\\/\\\/www.thyroidaware.com\\\/fr\\\/\"]}]},{\"@type\":\"BreadcrumbList\",\"@id\":\"https:\\\/\\\/www.thyroidaware.com\\\/fr\\\/#breadcrumb\",\"itemListElement\":[{\"@type\":\"ListItem\",\"position\":1,\"name\":\"Accueil\",\"item\":\"https:\\\/\\\/www.thyroidaware.com\\\/fr\\\/\"},{\"@type\":\"ListItem\",\"position\":2,\"name\":\"Home\"}]},{\"@type\":\"WebSite\",\"@id\":\"https:\\\/\\\/www.thyroidaware.com\\\/fr\\\/#website\",\"url\":\"https:\\\/\\\/www.thyroidaware.com\\\/fr\\\/\",\"name\":\"Thyroid Fr\",\"description\":\"Otro sitio realizado con WordPress\",\"potentialAction\":[{\"@type\":\"SearchAction\",\"target\":{\"@type\":\"EntryPoint\",\"urlTemplate\":\"https:\\\/\\\/www.thyroidaware.com\\\/fr\\\/?s={search_term_string}\"},\"query-input\":{\"@type\":\"PropertyValueSpecification\",\"valueRequired\":true,\"valueName\":\"search_term_string\"}}],\"inLanguage\":\"fr-FR\"}]}<\/script>\n<!-- \/ Yoast SEO plugin. -->","yoast_head_json":{"title":"Home - Thyroid Fr","description":"The thyroid gland is a butterfly-shaped organ located at the base of the neck.","robots":{"index":"index","follow":"follow","max-snippet":"max-snippet:-1","max-image-preview":"max-image-preview:large","max-video-preview":"max-video-preview:-1"},"canonical":"https:\/\/www.thyroidaware.com\/fr\/","og_locale":"fr_FR","og_type":"article","og_title":"home","og_description":"The thyroid gland is a butterfly-shaped organ located at the base of the neck.","og_url":"https:\/\/www.thyroidaware.com\/fr\/","og_site_name":"Thyroid Fr","article_modified_time":"2024-04-19T18:55:08+00:00","og_image":[{"width":1024,"height":789,"url":"https:\/\/www.thyroidaware.com\/fr\/wp-content\/uploads\/sites\/41\/2022\/01\/symptom-checker-illustration-1.png","type":"image\/png"}],"twitter_card":"summary_large_image","twitter_title":"home","twitter_description":"The thyroid gland is a butterfly-shaped organ located at the base of the neck.","twitter_image":"https:\/\/www.thyroidaware.com\/fr\/wp-content\/uploads\/sites\/41\/2022\/01\/symptom-checker-illustration-1.png","twitter_misc":{"Dur\u00e9e de lecture estim\u00e9e":"1 minute"},"schema":{"@context":"https:\/\/schema.org","@graph":[{"@type":"WebPage","@id":"https:\/\/www.thyroidaware.com\/fr\/","url":"https:\/\/www.thyroidaware.com\/fr\/","name":"Home - Thyroid Fr","isPartOf":{"@id":"https:\/\/www.thyroidaware.com\/fr\/#website"},"datePublished":"2022-01-17T16:20:53+00:00","dateModified":"2024-04-19T18:55:08+00:00","description":"The thyroid gland is a butterfly-shaped organ located at the base of the neck.","breadcrumb":{"@id":"https:\/\/www.thyroidaware.com\/fr\/#breadcrumb"},"inLanguage":"fr-FR","potentialAction":[{"@type":"ReadAction","target":["https:\/\/www.thyroidaware.com\/fr\/"]}]},{"@type":"BreadcrumbList","@id":"https:\/\/www.thyroidaware.com\/fr\/#breadcrumb","itemListElement":[{"@type":"ListItem","position":1,"name":"Accueil","item":"https:\/\/www.thyroidaware.com\/fr\/"},{"@type":"ListItem","position":2,"name":"Home"}]},{"@type":"WebSite","@id":"https:\/\/www.thyroidaware.com\/fr\/#website","url":"https:\/\/www.thyroidaware.com\/fr\/","name":"Thyroid Fr","description":"Otro sitio realizado con WordPress","potentialAction":[{"@type":"SearchAction","target":{"@type":"EntryPoint","urlTemplate":"https:\/\/www.thyroidaware.com\/fr\/?s={search_term_string}"},"query-input":{"@type":"PropertyValueSpecification","valueRequired":true,"valueName":"search_term_string"}}],"inLanguage":"fr-FR"}]}},"_links":{"self":[{"href":"https:\/\/www.thyroidaware.com\/fr\/wp-json\/wp\/v2\/pages\/38","targetHints":{"allow":["GET"]}}],"collection":[{"href":"https:\/\/www.thyroidaware.com\/fr\/wp-json\/wp\/v2\/pages"}],"about":[{"href":"https:\/\/www.thyroidaware.com\/fr\/wp-json\/wp\/v2\/types\/page"}],"author":[{"embeddable":true,"href":"https:\/\/www.thyroidaware.com\/fr\/wp-json\/wp\/v2\/users\/1"}],"replies":[{"embeddable":true,"href":"https:\/\/www.thyroidaware.com\/fr\/wp-json\/wp\/v2\/comments?post=38"}],"version-history":[{"count":59,"href":"https:\/\/www.thyroidaware.com\/fr\/wp-json\/wp\/v2\/pages\/38\/revisions"}],"predecessor-version":[{"id":1018,"href":"https:\/\/www.thyroidaware.com\/fr\/wp-json\/wp\/v2\/pages\/38\/revisions\/1018"}],"wp:attachment":[{"href":"https:\/\/www.thyroidaware.com\/fr\/wp-json\/wp\/v2\/media?parent=38"}],"curies":[{"name":"wp","href":"https:\/\/api.w.org\/{rel}","templated":true}]}}