{"id":1006,"date":"2024-08-15T10:00:44","date_gmt":"2024-08-15T16:00:44","guid":{"rendered":"https:\/\/www.thyroidaware.com\/es\/?page_id=1006"},"modified":"2024-08-15T11:50:46","modified_gmt":"2024-08-15T17:50:46","slug":"guia-de-redes-sociales-de-merck","status":"publish","type":"page","link":"https:\/\/www.thyroidaware.com\/es\/guia-de-redes-sociales-de-merck\/","title":{"rendered":"Gu\u00eda de Redes Sociales de Merck"},"content":{"rendered":"\n<p><strong>REGLAS DE USO DEL CANAL DE MERCK<\/strong><\/p>\n\n\n\n<ol style=\"list-style-type:upper-roman\" class=\"wp-block-list\">\n<li><strong>General<\/strong>&nbsp;<\/li>\n<\/ol>\n\n\n\n<p>Como somos parte de una industria regulada, debido a su naturaleza, no podemos participar en temas espec\u00edficos de la industria, discusiones sobre productos farmac\u00e9uticos u opciones de tratamiento a trav\u00e9s de este canal de Instagram. Por esta raz\u00f3n, queremos asegurarnos de que las discusiones se mantengan en los temas permitidos. Para mantener las comunicaciones compatibles, nosotros, o un tercero en nuestro nombre, supervisaremos rutinariamente las actividades en este canal.<\/p>\n\n\n\n<p>Tenga en cuenta que sus comentarios se eliminar\u00e1n si estos o su comportamiento en l\u00ednea son:<\/p>\n\n\n\n<p>\u2022 sin relaci\u00f3n;<\/p>\n\n\n\n<p>\u2022 relacionados con producto;<\/p>\n\n\n\n<p>\u2022 incluyen contenido profano, difamatorio, calumnioso, ofensivo, abusivo, discriminatorio o degradante (incluidas im\u00e1genes, videos y enlaces);<\/p>\n\n\n\n<p>\u2022 menospreciantes, amenazantes, toleran la violencia o es ilegal;<\/p>\n\n\n\n<p>\u2022 ofrecen consejos de salud o m\u00e9dicos;<\/p>\n\n\n\n<p>\u2022 que contengan informaci\u00f3n personal (por ejemplo, nombres de personas f\u00edsicas o jur\u00eddicas, direcci\u00f3n de correo electr\u00f3nico personal o n\u00famero de tel\u00e9fono);<\/p>\n\n\n\n<p>\u2022 violatorios de derechos de autor o propiedad intelectual de otra persona;<\/p>\n\n\n\n<p>\u2022 de naturaleza comercial (por ejemplo, reclutar seguidores o vender bienes o servicios);<\/p>\n\n\n\n<p>\u2022 excesivamente repetitivos y \/ o perjudiciales para la comunidad o son spam;<\/p>\n\n\n\n<p>\u2022 con contenido de informaci\u00f3n patentada, confidencial, sensible o no p\u00fablica; y \/ o<\/p>\n\n\n\n<p>\u2022 no est\u00e1n en l\u00ednea con los T\u00e9rminos de Servicio de la red social.<\/p>\n\n\n\n<p>El incumplimiento continuo y repetido de las reglas enumeradas puede resultar en la eliminaci\u00f3n de nuestra lista de seguidores. En este caso, el usuario ya no podr\u00e1 seguir nuestras noticias o comentar nuestras publicaciones.<\/p>\n\n\n\n<ol style=\"list-style-type:upper-roman\" class=\"wp-block-list\">\n<li><strong>Eventos adversos o informes de efectos secundarios<\/strong><\/li>\n<\/ol>\n\n\n\n<p>Si nota alg\u00fan efecto secundario o reacci\u00f3n m\u00e9dica debido al uso de un producto farmac\u00e9utico de Merck, debe consultar a su m\u00e9dico, farmac\u00e9utico u otro profesional de la salud de inmediato. Tambi\u00e9n puede informarnos esto directamente a:<\/p>\n\n\n\n<p>Argentina: <a href=\"mailto:farmacovigilancia.argentina@merckgroup.com\">farmacovigilancia.argentina@merckgroup.com<\/a><\/p>\n\n\n\n<p>Chile: <a href=\"mailto:farmacovigilancia.chile@merckgroup.com\">farmacovigilancia.chile@merckgroup.com<\/a><\/p>\n\n\n\n<p>Colombia: <a href=\"mailto:drug.safety.colombia@merckgroup.com\">drug.safety.colombia@merckgroup.com<\/a><\/p>\n\n\n\n<p>Centroam\u00e9rica: <a href=\"mailto:farmacovigilancia.centroamerica@merckgroup.com\">farmacovigilancia.centroamerica@merckgroup.com<\/a><\/p>\n\n\n\n<p>Ecuador:<a href=\"mailto:farmacovigilancia.ecuador@merckgroup.com\">farmacovigilancia.ecuador@merckgroup.com<\/a> &nbsp;<br>M\u00e9xico:<a href=\"mailto:privacidad-mexico@merckgroup.com\">privacidad-mexico@merckgroup.com<\/a><br>Per\u00fa: <a href=\"mailto:farmacovigilancia-peru@merckgroup.com\">farmacovigilancia-peru@merckgroup.com<\/a><\/p>\n\n\n\n<p>Tenga en cuenta que debe compartir la menor informaci\u00f3n personal (de salud) posible en este canal de red social. Sin embargo, si decide incluir un comentario que detalle los efectos secundarios, es posible que Merck necesite contactarlo para obtener m\u00e1s informaci\u00f3n. Los comentarios de esta naturaleza se eliminar\u00e1n de las redes sociales de Merck; Esto se debe a las obligaciones legales relacionadas con los informes de seguridad de los medicamentos.<\/p>\n\n\n\n<ol style=\"list-style-type:upper-roman\" class=\"wp-block-list\">\n<li><strong>Uso de Informaci\u00f3n compartida por los usuarios<\/strong><\/li>\n<\/ol>\n\n\n\n<p>El contenido compartido en este canal est\u00e1 disponible p\u00fablicamente. Merck puede procesar, almacenar y usar informaci\u00f3n compartida a trav\u00e9s de sus canales de redes sociales (por ejemplo, de forma enunciativa sin ser limitativa, comentarios, retroalimentaciones, opiniones, etc.), publicada por usuarios de la red social, lo anterior con las finalidades de mejorar nuestros productos y servicios, informar eventos adversos o proporcionarle informaci\u00f3n a pedido. Para facilitar las solicitudes, es posible que necesitemos solicitar informaci\u00f3n adicional directamente del usuario, que solo se utilizar\u00e1 para el prop\u00f3sito para el que se recopil\u00f3 inicialmente.<\/p>\n\n\n\n<p>Si comparte informaci\u00f3n personal propia o de otras personas, declara que es bajo su responsabilidad y que tiene la autoridad y\/o autorizaci\u00f3n para hacerlo legalmente y para permitirnos usar esa informaci\u00f3n.<\/p>\n\n\n\n<p>Para mantenerse al d\u00eda con todas las actividades en los canales de redes sociales, Merck puede utilizar proveedores de servicios de terceros para ayudarnos a administrar dichos canales, lo que significa que ellos tambi\u00e9n tendr\u00edan acceso a cualquier informaci\u00f3n que se publique por usuarios suscritos a los canales de Merck, incluso informaci\u00f3n personal que se haya compartido ya sea de forma p\u00fablica o privada. Dichos proveedores de servicios externos est\u00e1n obligados contractualmente a garantizar la protecci\u00f3n y seguridad de cualquier informaci\u00f3n publicada en los canales o compartida de forma privada por los usuarios, adecuadas de su informaci\u00f3n personal.<\/p>\n\n\n\n<p>Tenga en cuenta que esta red social tambi\u00e9n tiene acceso a la informaci\u00f3n que comparte con nosotros a trav\u00e9s de su plataforma. Para m\u00e1s detalles lea la pol\u00edtica de privacidad de la red social en la que se encuentra:<\/p>\n\n\n\n<p>Tik Tok: <a href=\"https:\/\/www.tiktok.com\/legal\/page\/row\/privacy-policy\/es\">Pol\u00edtica de privacidad | TikTok<\/a><\/p>\n\n\n\n<p>Instagram\/Facebook (Meta): <a href=\"https:\/\/www.facebook.com\/help\/instagram\/155833707900388\/?cms_id=155833707900388\">Pol\u00edtica de datos | Servicio de ayuda de Instagram (facebook.com)<\/a><\/p>\n\n\n\n<p>Puede conocer el Aviso de Privacidad Global de Merck a trav\u00e9s de la p\u00e1gina <a href=\"https:\/\/www.merckgroup.com\/en\">https:\/\/www.merckgroup.com\/en<\/a>, el cual es aplicable en su pa\u00eds de residencia.<\/p>\n\n\n\n<p>Ultima actualizaci\u00f3n: Agosto 2024.<\/p>\n","protected":false},"excerpt":{"rendered":"<p>REGLAS DE USO DEL CANAL DE MERCK Como somos parte de una industria regulada, debido a su naturaleza, no podemos participar en temas espec\u00edficos de la industria, discusiones sobre productos farmac\u00e9uticos u opciones de tratamiento a trav\u00e9s de este canal de Instagram. Por esta raz\u00f3n, queremos asegurarnos de que las discusiones se mantengan en los [&hellip;]<\/p>\n","protected":false},"author":1,"featured_media":0,"parent":0,"menu_order":0,"comment_status":"closed","ping_status":"closed","template":"template-master-legales.php","meta":{"footnotes":""},"class_list":["post-1006","page","type-page","status-publish","hentry"],"yoast_head":"<!-- This site is optimized with the Yoast SEO plugin v27.3 - https:\/\/yoast.com\/product\/yoast-seo-wordpress\/ -->\n<title>Gu\u00eda de Redes Sociales de Merck - Thyroid Es<\/title>\n<meta name=\"robots\" content=\"index, follow, max-snippet:-1, max-image-preview:large, max-video-preview:-1\" \/>\n<link rel=\"canonical\" href=\"https:\/\/www.thyroidaware.com\/es\/guia-de-redes-sociales-de-merck\/\" \/>\n<meta property=\"og:locale\" content=\"es_MX\" \/>\n<meta property=\"og:type\" content=\"article\" \/>\n<meta property=\"og:title\" content=\"Gu\u00eda de Redes Sociales de Merck - Thyroid Es\" \/>\n<meta property=\"og:description\" content=\"REGLAS DE USO DEL CANAL DE MERCK Como somos parte de una industria regulada, debido a su naturaleza, no podemos participar en temas espec\u00edficos de la industria, discusiones sobre productos farmac\u00e9uticos u opciones de tratamiento a trav\u00e9s de este canal de Instagram. Por esta raz\u00f3n, queremos asegurarnos de que las discusiones se mantengan en los [&hellip;]\" \/>\n<meta property=\"og:url\" content=\"https:\/\/www.thyroidaware.com\/es\/guia-de-redes-sociales-de-merck\/\" \/>\n<meta property=\"og:site_name\" content=\"Thyroid Es\" \/>\n<meta property=\"article:modified_time\" content=\"2024-08-15T17:50:46+00:00\" \/>\n<meta name=\"twitter:card\" content=\"summary_large_image\" \/>\n<meta name=\"twitter:label1\" content=\"Tiempo de lectura\" \/>\n\t<meta name=\"twitter:data1\" content=\"4 minutos\" \/>\n<script type=\"application\/ld+json\" class=\"yoast-schema-graph\">{\"@context\":\"https:\\\/\\\/schema.org\",\"@graph\":[{\"@type\":\"WebPage\",\"@id\":\"https:\\\/\\\/www.thyroidaware.com\\\/es\\\/guia-de-redes-sociales-de-merck\\\/\",\"url\":\"https:\\\/\\\/www.thyroidaware.com\\\/es\\\/guia-de-redes-sociales-de-merck\\\/\",\"name\":\"Gu\u00eda de Redes Sociales de Merck - Thyroid Es\",\"isPartOf\":{\"@id\":\"https:\\\/\\\/www.thyroidaware.com\\\/es\\\/#website\"},\"datePublished\":\"2024-08-15T16:00:44+00:00\",\"dateModified\":\"2024-08-15T17:50:46+00:00\",\"breadcrumb\":{\"@id\":\"https:\\\/\\\/www.thyroidaware.com\\\/es\\\/guia-de-redes-sociales-de-merck\\\/#breadcrumb\"},\"inLanguage\":\"es\",\"potentialAction\":[{\"@type\":\"ReadAction\",\"target\":[\"https:\\\/\\\/www.thyroidaware.com\\\/es\\\/guia-de-redes-sociales-de-merck\\\/\"]}]},{\"@type\":\"BreadcrumbList\",\"@id\":\"https:\\\/\\\/www.thyroidaware.com\\\/es\\\/guia-de-redes-sociales-de-merck\\\/#breadcrumb\",\"itemListElement\":[{\"@type\":\"ListItem\",\"position\":1,\"name\":\"Inicio\",\"item\":\"https:\\\/\\\/www.thyroidaware.com\\\/es\\\/\"},{\"@type\":\"ListItem\",\"position\":2,\"name\":\"Gu\u00eda de Redes Sociales de Merck\"}]},{\"@type\":\"WebSite\",\"@id\":\"https:\\\/\\\/www.thyroidaware.com\\\/es\\\/#website\",\"url\":\"https:\\\/\\\/www.thyroidaware.com\\\/es\\\/\",\"name\":\"Thyroid Es\",\"description\":\"Otro sitio realizado con WordPress\",\"potentialAction\":[{\"@type\":\"SearchAction\",\"target\":{\"@type\":\"EntryPoint\",\"urlTemplate\":\"https:\\\/\\\/www.thyroidaware.com\\\/es\\\/?s={search_term_string}\"},\"query-input\":{\"@type\":\"PropertyValueSpecification\",\"valueRequired\":true,\"valueName\":\"search_term_string\"}}],\"inLanguage\":\"es\"}]}<\/script>\n<!-- \/ Yoast SEO plugin. -->","yoast_head_json":{"title":"Gu\u00eda de Redes Sociales de Merck - Thyroid Es","robots":{"index":"index","follow":"follow","max-snippet":"max-snippet:-1","max-image-preview":"max-image-preview:large","max-video-preview":"max-video-preview:-1"},"canonical":"https:\/\/www.thyroidaware.com\/es\/guia-de-redes-sociales-de-merck\/","og_locale":"es_MX","og_type":"article","og_title":"Gu\u00eda de Redes Sociales de Merck - Thyroid Es","og_description":"REGLAS DE USO DEL CANAL DE MERCK Como somos parte de una industria regulada, debido a su naturaleza, no podemos participar en temas espec\u00edficos de la industria, discusiones sobre productos farmac\u00e9uticos u opciones de tratamiento a trav\u00e9s de este canal de Instagram. Por esta raz\u00f3n, queremos asegurarnos de que las discusiones se mantengan en los [&hellip;]","og_url":"https:\/\/www.thyroidaware.com\/es\/guia-de-redes-sociales-de-merck\/","og_site_name":"Thyroid Es","article_modified_time":"2024-08-15T17:50:46+00:00","twitter_card":"summary_large_image","twitter_misc":{"Tiempo de lectura":"4 minutos"},"schema":{"@context":"https:\/\/schema.org","@graph":[{"@type":"WebPage","@id":"https:\/\/www.thyroidaware.com\/es\/guia-de-redes-sociales-de-merck\/","url":"https:\/\/www.thyroidaware.com\/es\/guia-de-redes-sociales-de-merck\/","name":"Gu\u00eda de Redes Sociales de Merck - Thyroid Es","isPartOf":{"@id":"https:\/\/www.thyroidaware.com\/es\/#website"},"datePublished":"2024-08-15T16:00:44+00:00","dateModified":"2024-08-15T17:50:46+00:00","breadcrumb":{"@id":"https:\/\/www.thyroidaware.com\/es\/guia-de-redes-sociales-de-merck\/#breadcrumb"},"inLanguage":"es","potentialAction":[{"@type":"ReadAction","target":["https:\/\/www.thyroidaware.com\/es\/guia-de-redes-sociales-de-merck\/"]}]},{"@type":"BreadcrumbList","@id":"https:\/\/www.thyroidaware.com\/es\/guia-de-redes-sociales-de-merck\/#breadcrumb","itemListElement":[{"@type":"ListItem","position":1,"name":"Inicio","item":"https:\/\/www.thyroidaware.com\/es\/"},{"@type":"ListItem","position":2,"name":"Gu\u00eda de Redes Sociales de Merck"}]},{"@type":"WebSite","@id":"https:\/\/www.thyroidaware.com\/es\/#website","url":"https:\/\/www.thyroidaware.com\/es\/","name":"Thyroid Es","description":"Otro sitio realizado con WordPress","potentialAction":[{"@type":"SearchAction","target":{"@type":"EntryPoint","urlTemplate":"https:\/\/www.thyroidaware.com\/es\/?s={search_term_string}"},"query-input":{"@type":"PropertyValueSpecification","valueRequired":true,"valueName":"search_term_string"}}],"inLanguage":"es"}]}},"_links":{"self":[{"href":"https:\/\/www.thyroidaware.com\/es\/wp-json\/wp\/v2\/pages\/1006","targetHints":{"allow":["GET"]}}],"collection":[{"href":"https:\/\/www.thyroidaware.com\/es\/wp-json\/wp\/v2\/pages"}],"about":[{"href":"https:\/\/www.thyroidaware.com\/es\/wp-json\/wp\/v2\/types\/page"}],"author":[{"embeddable":true,"href":"https:\/\/www.thyroidaware.com\/es\/wp-json\/wp\/v2\/users\/1"}],"replies":[{"embeddable":true,"href":"https:\/\/www.thyroidaware.com\/es\/wp-json\/wp\/v2\/comments?post=1006"}],"version-history":[{"count":3,"href":"https:\/\/www.thyroidaware.com\/es\/wp-json\/wp\/v2\/pages\/1006\/revisions"}],"predecessor-version":[{"id":1010,"href":"https:\/\/www.thyroidaware.com\/es\/wp-json\/wp\/v2\/pages\/1006\/revisions\/1010"}],"wp:attachment":[{"href":"https:\/\/www.thyroidaware.com\/es\/wp-json\/wp\/v2\/media?parent=1006"}],"curies":[{"name":"wp","href":"https:\/\/api.w.org\/{rel}","templated":true}]}}